{"id":632,"date":"2020-12-22T08:51:30","date_gmt":"2020-12-22T08:51:30","guid":{"rendered":"https:\/\/www.marxconsult.com\/?page_id=632"},"modified":"2025-04-28T08:56:42","modified_gmt":"2025-04-28T08:56:42","slug":"impressum","status":"publish","type":"page","link":"https:\/\/www.marxconsult.com\/de\/impressum\/","title":{"rendered":"Impressum"},"content":{"rendered":"\n<figure class=\"wp-block-image alignfull size-large\"><a href=\"https:\/\/www.marxconsult.com\/wp-content\/uploads\/2020\/12\/AdobeStock_298585211.jpeg\" rel=\"lightbox\" ><img loading=\"lazy\" width=\"1024\" height=\"576\" src=\"https:\/\/www.marxconsult.com\/wp-content\/uploads\/2020\/12\/AdobeStock_298585211-1024x576.jpeg\" alt=\"\" class=\"wp-image-184\" srcset=\"https:\/\/www.marxconsult.com\/wp-content\/uploads\/2020\/12\/AdobeStock_298585211-1024x576.jpeg 1024w, https:\/\/www.marxconsult.com\/wp-content\/uploads\/2020\/12\/AdobeStock_298585211-300x169.jpeg 300w, https:\/\/www.marxconsult.com\/wp-content\/uploads\/2020\/12\/AdobeStock_298585211-768x432.jpeg 768w, https:\/\/www.marxconsult.com\/wp-content\/uploads\/2020\/12\/AdobeStock_298585211-1536x864.jpeg 1536w\" sizes=\"(max-width: 1024px) 100vw, 1024px\" \/><\/a><\/figure>\n\n\n\n<h2><strong>Impressum<\/strong><\/h2>\n\n\n\n<p><\/p>\n\n\n\n<p><strong><strong>marx consult e.U.<br>Am K\u00fchforst 29\/2<\/strong><br><strong>8472 Gersdorf an der Mur<br>Austria<\/strong><\/strong><\/p>\n\n\n\n<p><strong><a href=\"tel: +43 664 54 90 570mail: felix.marx@marxconsult.comweb: marxconsult.com\">tel: +43 664 54 90 570<br>felix.marx@marxconsult.com<br>web: marxconsult.co<\/a>m<\/strong><\/p>\n\n\n\n<p><strong>FN 531275 m<br>UID: ATU60191955<\/strong><\/p>\n\n\n\n<hr class=\"wp-block-separator\"\/>\n\n\n\n<p><strong>Urheberrechtshinweise<\/strong><br>Alle auf dieser Website ver\u00f6ffentlichten Beitr\u00e4ge und Abbildungen sind urheberrechtlich gesch\u00fctzt. Jede vom Urheberrechtsgesetz nicht zugelassene Verwertung bedarf vorheriger schriftlicher Zustimmung der Anbieter. Dies gilt insbesondere f\u00fcr Vervielf\u00e4ltigung, Bearbeitung, \u00dcbersetzung, Einspeicherung, Verarbeitung bzw. Wiedergabe von Inhalten in Datenbanken oder anderen elektronischen Medien und Systemen. Fotokopien und Downloads von Webseiten d\u00fcrfen nur f\u00fcr den pers\u00f6nlichen, privaten und nicht kommerziellen Gebrauch hergestellt werden.<\/p>\n\n\n\n<p><strong>Copyright \u2013 Hinweise<\/strong><br>Bei jeder Ver\u00f6ffentlichung von Fotos und Texten dieser Homepage muss der Copyright-Vermerk \u2013 www.marxconsult.com\u2013 angegeben werden.<\/p>\n\n\n\n<p><strong>Bildquellen<\/strong><br><a href=\"http:\/\/www.attisani-photography.com\/\" target=\"_blank\" rel=\"noreferrer noopener\">Michaela <\/a>Lorber\/AdobeStock\/ Pexels <\/p>\n\n\n\n<p><strong>Externe Links<\/strong><br>Die Inhalte externer Links werden von uns nicht gepr\u00fcft. Sie unterliegen der Haftung der jeweiligen Anbieter. \u00dcber eine kurze Info bei einem unterbrochenen Link oder einer falschen Seitenangabe freuen wir uns.<\/p>\n\n\n\n<p><strong>Gew\u00e4hrleistung<\/strong><br>Die Inhalte dieser Webseite werden mit gr\u00f6\u00dftm\u00f6glicher Sorgfalt recherchiert. Gleichwohl \u00fcbernimmt der Anbieter keine Haftung f\u00fcr die Richtigkeit, Vollst\u00e4ndigkeit und Aktualit\u00e4t der bereitgestellten Informationen. Die Beitr\u00e4ge geben die Meinung des jeweiligen Autors wieder.<\/p>\n\n\n\n<p><strong>Design &amp;&nbsp;Konzept<\/strong><br><a href=\"http:\/\/www.puschnegg.at\/\" target=\"_blank\" rel=\"noreferrer noopener\">Dr. Puschnegg <\/a><br><a href=\"http:\/\/www.puschnegg.at\">www.puschnegg.at<\/a><\/p>\n\n\n\n<p><strong>Programmierung<\/strong><br><a href=\"https:\/\/www.koerbler.com\" target=\"_blank\" rel=\"noreferrer noopener\">K\u00f6rbler GmbH<\/a><\/p>\n","protected":false},"excerpt":{"rendered":"<p>Impressum marx consult e.U.Am K\u00fchforst 29\/28472 Gersdorf an der MurAustria tel: +43 664 54 90 570felix.marx@marxconsult.comweb: marxconsult.com FN 531275 mUID: ATU60191955 UrheberrechtshinweiseAlle auf dieser Website ver\u00f6ffentlichten Beitr\u00e4ge und Abbildungen sind urheberrechtlich gesch\u00fctzt. Jede vom Urheberrechtsgesetz nicht zugelassene Verwertung bedarf vorheriger schriftlicher Zustimmung der Anbieter. Dies gilt insbesondere f\u00fcr Vervielf\u00e4ltigung, Bearbeitung, \u00dcbersetzung, Einspeicherung, Verarbeitung bzw. Wiedergabe&#8230;<\/p>\n","protected":false},"author":2,"featured_media":0,"parent":0,"menu_order":0,"comment_status":"closed","ping_status":"closed","template":"","meta":[],"_links":{"self":[{"href":"https:\/\/www.marxconsult.com\/de\/wp-json\/wp\/v2\/pages\/632"}],"collection":[{"href":"https:\/\/www.marxconsult.com\/de\/wp-json\/wp\/v2\/pages"}],"about":[{"href":"https:\/\/www.marxconsult.com\/de\/wp-json\/wp\/v2\/types\/page"}],"author":[{"embeddable":true,"href":"https:\/\/www.marxconsult.com\/de\/wp-json\/wp\/v2\/users\/2"}],"replies":[{"embeddable":true,"href":"https:\/\/www.marxconsult.com\/de\/wp-json\/wp\/v2\/comments?post=632"}],"version-history":[{"count":6,"href":"https:\/\/www.marxconsult.com\/de\/wp-json\/wp\/v2\/pages\/632\/revisions"}],"predecessor-version":[{"id":1301,"href":"https:\/\/www.marxconsult.com\/de\/wp-json\/wp\/v2\/pages\/632\/revisions\/1301"}],"wp:attachment":[{"href":"https:\/\/www.marxconsult.com\/de\/wp-json\/wp\/v2\/media?parent=632"}],"curies":[{"name":"wp","href":"https:\/\/api.w.org\/{rel}","templated":true}]}}