{"id":495,"date":"2020-12-21T07:22:46","date_gmt":"2020-12-21T07:22:46","guid":{"rendered":"https:\/\/www.marxconsult.com\/?page_id=495"},"modified":"2025-04-22T09:12:45","modified_gmt":"2025-04-22T09:12:45","slug":"ueber-felix-marx","status":"publish","type":"page","link":"https:\/\/www.marxconsult.com\/de\/ueber-felix-marx\/","title":{"rendered":"\u00dcber Felix Marx"},"content":{"rendered":"\n<div class=\"wp-block-cover alignfull has-background-dim\" style=\"background-image:url(https:\/\/www.marxconsult.com\/wp-content\/uploads\/2020\/11\/MC-scaled.jpg)\"><div class=\"wp-block-cover__inner-container\">\n<p class=\"has-text-align-center has-large-font-size\">\u00dcber <\/p>\n\n\n\n<p class=\"has-text-align-center has-large-font-size\">Felix Marx<\/p>\n<\/div><\/div>\n\n\n\r\n<div id=\"block_5fb4fe397350f\" class=\"section big-text-block alignfull   background-white\">\r\n\t<div class=\"container\">\r\n\t\t<div class=\"row\">\r\n\r\n\t\t\t<div class=\"col-12\">\r\n\t\t\t\t<div class=\"big-text__text reveal-bottom\">\r\n\t\t\t\t\t&#8222;The question isn&#8217;t who is going to let me; it&#8217;s who is going to stop me.&#8220; <br \/>\r\n&#8211; Ayn Rand\t\t\t\t<\/div>\r\n\t\t\t\t\t\t\t<\/div>\r\n\r\n\t\t<\/div>\r\n\t<\/div>\r\n<\/div>\n\n\r\n<div id=\"block_5fb62d212449b\" class=\"section image-text-about-block \">\r\n\t<div class=\"row align-items-center\">\r\n\r\n\t\t<div class=\"col-sm-6 col-12 reveal-bottom\">\r\n\t\t\t<div class=\"image-text__image\">\r\n\t\t\t\t<img laoding=\"lazy\" src=\"https:\/\/www.marxconsult.com\/wp-content\/uploads\/2025\/04\/Businessportrait_Marx\u00a9MichaelaLorber-2.jpg\" alt=\"\">\r\n\t\t\t<\/div>\r\n\t\t<\/div>\r\n\r\n\t\t<div class=\"col-sm-6 col-12\">\r\n\t\t\t<div class=\"row\">\r\n\t\t\t\r\n\t\t\t\t<div class=\"col-lg-9 offset-lg-1 col-md-10 offset-md-1 col-12 reveal-bottom\">\r\n\t\t\t\t\t<div class=\"image-text__text\">\r\n\t\t\t\t\t\tFelix Marx war bis M\u00e4rz 2025 als Executive Vice President und CEO von Tr\u016bata t\u00e4tig. Nach der \u00dcbernahme des Unternehmens durch Mastercard im Jahr 2023 kehrte er zu Mastercard zur\u00fcck \u2013 jenem Unternehmen, bei dem seine Karriere bereits zuvor begann. Mit \u00fcber 20 Jahren internationaler Erfahrung in den Bereichen Identit\u00e4tsmanagement, Finanzdienstleistungen und Telekommunikation hat er zahlreiche Technologieunternehmen gef\u00fchrt \u2013 stets mit dem Ziel, nachhaltigen Mehrwert f\u00fcr Kunden und Konsumenten zu schaffen. Dar\u00fcber hinaus war er als Executive Director Mitglied des Vorstands von Tr\u016bata.\t\t\t\t\t<\/div>\r\n\t\t\t\t<\/div>\r\n\r\n\t\t\t\t<div class=\"col-lg-10 offset-lg-2 col-md-11 offset-md-1 col-12\">\r\n\t\t\t\t\t<div class=\"image-text__caption reveal-bottom\"><\/div>\r\n\r\n\t\t\t\t\t\t\t\t\t<\/div>\r\n\r\n\t\t\t<\/div>\r\n\t\t<\/div>\r\n\r\n\t<\/div>\r\n<\/div>\n\n\r\n<div id=\"block_5fb50e35b5b99\" class=\"section grid-images-block alignfull \">\r\n\t<div class=\"container\">\r\n\t\t<div class=\"row\">\r\n\r\n\t\t\t<div class=\"col-6 align-self-center\">\r\n\r\n\t\t\t\t<div class=\"row\">\r\n\t\t\t\t\t<div class=\"col-lg-9 col-md-10 col-12 reveal-bottom\">\r\n\r\n\t\t\t\t\t\t\r\n\t\t\t\t\t\t<div class=\"grid-images__text\">\r\n\t\t\t\t\t\t\tWERDEGANG<br \/>\r\n<br \/>\r\nFelix Marx bringt umfassende internationale Erfahrung mit \u2013 unter anderem aus Europa, dem asiatisch-pazifischen Raum, Lateinamerika und Nordamerika. <br \/>\r\nSeine Expertise erstreckt sich \u00fcber ein breites Technologiespektrum \u2013 von Identit\u00e4ts- und Trusted Service Management \u00fcber Identifikationstechnologien und Smart Cards bis hin zu sicheren mobilen Transaktionen, Unternehmens\u00fcbernahmen und mehr.<br \/>\r\nBevor er Tr\u016bata mit aufbaute, war Marx als Executive Vice President Services bei Mastercard im asiatisch-pazifischen Raum t\u00e4tig. In dieser Funktion verantwortete er die ganzheitliche Markteinf\u00fchrungsstrategie und das Wachstum aller Serviceprodukte von Mastercard in der Region.\t\t\t\t\t\t<\/div>\r\n\t\t\t\t\t<\/div>\r\n\t\t\t\t<\/div>\r\n\r\n\r\n\t\t\t\t\t\t\t\t\t<div class=\"grid-text__bigtext reveal-bottom\">\r\n\t\t\t\t\t\t\t\t\t\t\t\t<div class=\"grid-text__caption no-line\">\r\n\t\t\t\t\t\t\t\t\t\t\t\t\t\t\t\t\t\t\t\t\t\t\t\t\t\t\t\t<\/div>\r\n\t\t\t\t\t<\/div>\r\n\t\t\t\t\r\n\t\t\t<\/div>\r\n\r\n\t\t\t<div class=\"col-6 reveal-bottom\">\r\n\t\t\t\t<div class=\"image-text__image\">\r\n\t\t\t\t\t<img laoding=\"lazy\" src=\"https:\/\/www.marxconsult.com\/wp-content\/uploads\/2020\/11\/cropped-marxconsult_favicon.png\" alt=\"cropped-marxconsult_favicon.png\">\r\n\t\t\t\t<\/div>\r\n\t\t\t<\/div>\r\n\r\n\t\t<\/div>\r\n\t<\/div>\r\n\r\n\r\n\t\r\n\t\r\n<\/div>\n\n\r\n<div id=\"block_5fb4fc195bf82\" class=\"section background-text-block alignfull d-flex align-items-end font_color-white  big-text\" style=\"background-image: url('https:\/\/www.marxconsult.com\/wp-content\/uploads\/2020\/12\/AdobeStock_280636695.jpg'); \">\r\n\t<div class=\"container\">\r\n\t\t<div class=\"row\">\r\n\r\n\t\t\t<div class=\"col-md-6 col-12 align-self-end\">\r\n\t\t\t\t<div class=\"background-text__text reveal-bottom\">\r\n\t\t\t\t\t\t\t\t\t<\/div>\r\n\r\n\t\t\t\t\t\t\t<\/div>\r\n\t\t<\/div>\r\n\t<\/div>\r\n<\/div>\n\n\r\n<div id=\"block_5fb4e0b8000b1\" class=\"section image-text-block \">\r\n\t<div class=\"row\">\r\n\r\n\t\t<div class=\"col-6 reveal-bottom\">\r\n\t\t\t<div class=\"image-text__image\">\r\n\t\t\t\t<img laoding=\"lazy\" src=\"https:\/\/www.marxconsult.com\/wp-content\/uploads\/2025\/04\/Businessportrait_Marx\u00a9MichaelaLorber-9.jpg\" alt=\"Ausbildung\">\r\n\t\t\t<\/div>\r\n\t\t<\/div>\r\n\r\n\t\t\t\t\t<div class=\"col-md-5 offset-md-1 col-12 align-self-center mobile_text_full_width\">\r\n\t\t\r\n\t\t\t\t\t\t\t<div class=\"image-text__text reveal-bottom\">\r\n\t\t\t\t\t<p class=\"\" data-start=\"96\" data-end=\"377\">Zuvor war Felix Marx CEO von Pinpoint \u2013 einem Unternehmen, das 2014 von Mastercard \u00fcbernommen wurde. Weitere Stationen seiner Laufbahn umfassen die Rolle als CEO und Pr\u00e4sident von C-Sam, Inc. sowie als CEO der Identive Group, der er zun\u00e4chst als CEO von SCM Microsystems beitrat. Dar\u00fcber hinaus war Marx Executive Director im Vorstand der Identive Group und sa\u00df im Board of Directors mehrerer Unternehmen aus dem Portfolio der Gruppe. Seine berufliche Laufbahn f\u00fchrte ihn zudem in verschiedene General-Management-Positionen bei namhaften Unternehmen wie NXP Semiconductors, Philips Semiconductors, Global One Telecommunications und Ericsson Telecommunications. Er war ma\u00dfgeblich an der Gr\u00fcndung des NFC Forums beteiligt und vertrat sowohl Philips Semiconductors als auch NXP Semiconductors im Vorstand des Gremiums.<\/p>\n\t\t\t\t<\/div>\r\n\r\n\t\t\t\t\t\t\t\t\t<div class=\"image-text__image__caption reveal-bottom\">Ausbildung<\/div>\r\n\t\t\t\t\t\t\t\t\t<\/div>\r\n\t<\/div>\r\n<\/div>\n\n\n<p>Felix Marx hat einen Abschluss in Elektrotechnik von der Technischen Akademie in Wien (HTBLVA Wien), ein Aufbaustudium in Betriebswirtschaft an der Universit\u00e4t in Wien und einen Master of Advanced Studies in Wissensmanagement von der Donau-Universit\u00e4t in \u00d6sterreich.<\/p>\n\n\n\r\n<div id=\"block_5fb4d6b456ea2\" class=\"section big-text-block alignfull   background-dark\">\r\n\t<div class=\"container\">\r\n\t\t<div class=\"row\">\r\n\r\n\t\t\t<div class=\"col-12\">\r\n\t\t\t\t<div class=\"big-text__text reveal-bottom\">\r\n\t\t\t\t\tUnsere Vision ist Ihr Gewinn. Die Antwort auf Ihre Fragen, nur einen Mausklick entfernt.\t\t\t\t<\/div>\r\n\t\t\t\t\t\t\t<\/div>\r\n\r\n\t\t<\/div>\r\n\t<\/div>\r\n<\/div>","protected":false},"excerpt":{"rendered":"<p>Felix Marx hat einen Abschluss in Elektrotechnik von der Technischen Akademie in Wien (HTBLVA Wien), ein Aufbaustudium in Betriebswirtschaft an der Universit\u00e4t in Wien und einen Master of Advanced Studies in Wissensmanagement von der Donau-Universit\u00e4t in \u00d6sterreich.<\/p>\n","protected":false},"author":2,"featured_media":0,"parent":0,"menu_order":0,"comment_status":"closed","ping_status":"open","template":"","meta":[],"_links":{"self":[{"href":"https:\/\/www.marxconsult.com\/de\/wp-json\/wp\/v2\/pages\/495"}],"collection":[{"href":"https:\/\/www.marxconsult.com\/de\/wp-json\/wp\/v2\/pages"}],"about":[{"href":"https:\/\/www.marxconsult.com\/de\/wp-json\/wp\/v2\/types\/page"}],"author":[{"embeddable":true,"href":"https:\/\/www.marxconsult.com\/de\/wp-json\/wp\/v2\/users\/2"}],"replies":[{"embeddable":true,"href":"https:\/\/www.marxconsult.com\/de\/wp-json\/wp\/v2\/comments?post=495"}],"version-history":[{"count":89,"href":"https:\/\/www.marxconsult.com\/de\/wp-json\/wp\/v2\/pages\/495\/revisions"}],"predecessor-version":[{"id":1297,"href":"https:\/\/www.marxconsult.com\/de\/wp-json\/wp\/v2\/pages\/495\/revisions\/1297"}],"wp:attachment":[{"href":"https:\/\/www.marxconsult.com\/de\/wp-json\/wp\/v2\/media?parent=495"}],"curies":[{"name":"wp","href":"https:\/\/api.w.org\/{rel}","templated":true}]}}