{"id":269,"date":"2020-12-17T12:18:06","date_gmt":"2020-12-17T12:18:06","guid":{"rendered":"https:\/\/www.marxconsult.com\/?page_id=269"},"modified":"2025-04-08T06:37:23","modified_gmt":"2025-04-08T06:37:23","slug":"wissensmanagement","status":"publish","type":"page","link":"https:\/\/www.marxconsult.com\/de\/wissensmanagement\/","title":{"rendered":"Wissensmanagement"},"content":{"rendered":"\n<div class=\"wp-block-cover alignfull has-background-dim\" style=\"background-image:url(https:\/\/www.marxconsult.com\/wp-content\/uploads\/2020\/12\/AdobeStock_396758018.jpg)\"><div class=\"wp-block-cover__inner-container\">\n<p class=\"has-text-align-center has-large-font-size\">Wissensmanagement<\/p>\n<\/div><\/div>\n\n\n\r\n<div id=\"block_5fb4fe397350f\" class=\"section big-text-block alignfull pb-0  background-white\">\r\n\t<div class=\"container\">\r\n\t\t<div class=\"row\">\r\n\r\n\t\t\t<div class=\"col-12\">\r\n\t\t\t\t<div class=\"big-text__text reveal-bottom\">\r\n\t\t\t\t\t\u201eEs gibt keinen Reichtum wie das Wissen und keine Armut wie die<br \/>\r\nUnwissenheit.\u201c  <br \/>\r\nBuddha\t\t\t\t<\/div>\r\n\t\t\t\t\t\t\t<\/div>\r\n\r\n\t\t<\/div>\r\n\t<\/div>\r\n<\/div>\n\n\r\n<div id=\"block_5fb50e35b5b99\" class=\"section grid-images-block alignfull \">\r\n\t<div class=\"container\">\r\n\t\t<div class=\"row\">\r\n\r\n\t\t\t<div class=\"col-6 align-self-center\">\r\n\r\n\t\t\t\t<div class=\"row\">\r\n\t\t\t\t\t<div class=\"col-lg-9 col-md-10 col-12 reveal-bottom\">\r\n\r\n\t\t\t\t\t\t\r\n\t\t\t\t\t\t<div class=\"grid-images__text\">\r\n\t\t\t\t\t\t\tDer Lebenszyklus beinahe eines jeden Produktes hat sich \u00fcber die letzten Jahrzehnte hinweg drastisch reduziert. Die Gr\u00fcnde daf\u00fcr sind vielf\u00e4ltig; Produktentwicklungszeiten m\u00fcssen massiv verk\u00fcrzt werden, es findet eine Spezialisierung auf Kernkompetenzen statt und der immerw\u00e4hrende Kostendruck l\u00e4sst nicht nach. Gleichzeitig finden die Mitarbeiter von Organisationen und Unternehmen heutzutage ganz andere Arbeitsbedingungen vor als noch vor einigen Jahren. \t\t\t\t\t\t<\/div>\r\n\t\t\t\t\t<\/div>\r\n\t\t\t\t<\/div>\r\n\r\n\r\n\t\t\t\t\t\t\t\t\t<div class=\"grid-text__bigtext reveal-bottom\">\r\n\t\t\t\t\t\t\t\t\t\t\t\t<div class=\"grid-text__caption \">\r\n\t\t\t\t\t\t\t\t\t\t\t\t\t\t\t\t\t\t\t\t\t\t\t\t\t\t\t\t<\/div>\r\n\t\t\t\t\t<\/div>\r\n\t\t\t\t\r\n\t\t\t<\/div>\r\n\r\n\t\t\t<div class=\"col-6 reveal-bottom\">\r\n\t\t\t\t<div class=\"image-text__image\">\r\n\t\t\t\t\t<img laoding=\"lazy\" src=\"https:\/\/www.marxconsult.com\/wp-content\/uploads\/2020\/12\/AdobeStock_397746154.jpg\" alt=\"Business coworkers discussing new ideas and brainstorming in a modern office\">\r\n\t\t\t\t<\/div>\r\n\t\t\t<\/div>\r\n\r\n\t\t<\/div>\r\n\t<\/div>\r\n\r\n\r\n\t\t\t<div class=\"background-text__image-2\">\r\n\t\t\t<div class=\"container\">\r\n\t\t\t\t<div class=\"row\">\r\n\t\t\t\t\t<div class=\"col-lg-4 offset-lg-3 p-lg-0 col-6 reveal-bottom\">\r\n\t\t\t\t\t\t<img laoding=\"lazy\" src=\"https:\/\/www.marxconsult.com\/wp-content\/uploads\/2020\/12\/AdobeStock_140646019.jpg\" alt=\"Detail of airplane engine wing at terminal gate before takeoff -\">\r\n\t\t\t\t\t<\/div>\r\n\t\t\t\t<\/div>\r\n\t\t\t<\/div>\r\n\t\t<\/div>\r\n\t\r\n\t\t\t<div class=\"background-text__image-3\">\r\n\t\t\t<div class=\"container\">\r\n\t\t\t\t<div class=\"row justify-content-end\">\r\n\t\t\t\t\t<div class=\"col-lg-4 col-6 reveal-bottom\">\r\n\t\t\t\t\t\t<img laoding=\"lazy\" src=\"https:\/\/www.marxconsult.com\/wp-content\/uploads\/2020\/12\/AdobeStock_229685041-2.jpg\" alt=\"Fragment of parrot wings in silver color for background. Texture\">\r\n\t\t\t\t\t<\/div>\r\n\t\t\t\t<\/div>\r\n\t\t\t<\/div>\r\n\t\t<\/div>\r\n\t\r\n<\/div>\n\n\r\n<div id=\"block_5fb62d212449b\" class=\"section image-text-about-block \">\r\n\t<div class=\"row align-items-center\">\r\n\r\n\t\t<div class=\"col-sm-6 col-12 reveal-bottom\">\r\n\t\t\t<div class=\"image-text__image\">\r\n\t\t\t\t<img laoding=\"lazy\" src=\"https:\/\/www.marxconsult.com\/wp-content\/uploads\/2025\/04\/Design-ohne-Titel-37.png\" alt=\"\">\r\n\t\t\t<\/div>\r\n\t\t<\/div>\r\n\r\n\t\t<div class=\"col-sm-6 col-12\">\r\n\t\t\t<div class=\"row\">\r\n\t\t\t\r\n\t\t\t\t<div class=\"col-lg-9 offset-lg-1 col-md-10 offset-md-1 col-12 reveal-bottom\">\r\n\t\t\t\t\t<div class=\"image-text__text\">\r\n\t\t\t\t\t\tSpeziell in schwierigen Zeiten wie jener der Pandemie und w\u00e4hrend einer graduellen Umstellung auf Home-Office trifft dies die Firmen ganz besonders hart. Konstante pers\u00f6nliche Weiterentwicklung und lebenslanges Lernen sind heutzutage Grundvoraussetzung und werden so zum Garanten f\u00fcr eine solide Besch\u00e4ftigung und eine erfolgreiche Karriere. F\u00fcr viele dieser Probleme gibt es allerdings noch keine vordefinierten L\u00f6sungen, Schritt f\u00fcr Schritt m\u00fcssen diese erst entwickelt werden.\t\t\t\t\t<\/div>\r\n\t\t\t\t<\/div>\r\n\r\n\t\t\t\t<div class=\"col-lg-10 offset-lg-2 col-md-11 offset-md-1 col-12\">\r\n\t\t\t\t\t<div class=\"image-text__caption reveal-bottom\"><\/div>\r\n\r\n\t\t\t\t\t\t\t\t\t<\/div>\r\n\r\n\t\t\t<\/div>\r\n\t\t<\/div>\r\n\r\n\t<\/div>\r\n<\/div>\n\n\r\n<div id=\"block_5fb4fabaeab66\" class=\"section big-text-block alignfull   background-dark\">\r\n\t<div class=\"container\">\r\n\t\t<div class=\"row\">\r\n\r\n\t\t\t<div class=\"col-12\">\r\n\t\t\t\t<div class=\"big-text__text reveal-bottom\">\r\n\t\t\t\t\tAufgrund fortschreitender der Globalisierung werden M\u00e4rkte immer enger, wodurch eine Dezentralisierung stattfindet, die wesentlichen Einfluss auf Organisationen und deren Mitarbeiter nimmt. \t\t\t\t<\/div>\r\n\t\t\t\t\t\t\t<\/div>\r\n\r\n\t\t<\/div>\r\n\t<\/div>\r\n<\/div>\n\n\r\n<div id=\"block_5fb4e0b8000b1\" class=\"section image-text-block \">\r\n\t<div class=\"row\">\r\n\r\n\t\t<div class=\"col-6 reveal-bottom\">\r\n\t\t\t<div class=\"image-text__image\">\r\n\t\t\t\t<img laoding=\"lazy\" src=\"https:\/\/www.marxconsult.com\/wp-content\/uploads\/2020\/12\/AdobeStock_113286249.jpg\" alt=\"\">\r\n\t\t\t<\/div>\r\n\t\t<\/div>\r\n\r\n\t\t\t\t\t<div class=\"col-md-5 offset-md-1 col-6 align-self-center\">\r\n\t\t\r\n\t\t\t\t\t\t\t<div class=\"image-text__text reveal-bottom\">\r\n\t\t\t\t\t<p>Ein weiteres F\u00fchrungsthema in Zeiten der Globalisierung und der Dynamisierung des Weltmarktes. All diesen Themen und Problemstellungen widmen wir uns im Bereich Humanzentriertes Wissensmanagement.<\/p>\n\t\t\t\t<\/div>\r\n\r\n\t\t\t\t\t\t\t\t\t<div class=\"image-text__image__caption reveal-bottom\">\r\n\t\t\t\t\t\t<a href=\"http:\/\/www.marxconsult.co\/de\/fuhrungskrafteentwicklung-und-teambuilding\/\" target=\"\">\r\n\t\t\t\t\t\t\tF\u00fchrungskr\u00e4fte\t\t\t\t\t\t<\/a>\r\n\t\t\t\t\t<\/div>\r\n\t\t\t\t\t\t\t\t\t<\/div>\r\n\t<\/div>\r\n<\/div>\n\n\r\n<div id=\"block_5fb4fc195bf82\" class=\"section background-text-block alignfull d-flex align-items-end font_color-white  small-text\" style=\"background-image: url('https:\/\/www.marxconsult.com\/wp-content\/uploads\/2020\/12\/AdobeStock_213975218-2.jpg'); \">\r\n\t<div class=\"container\">\r\n\t\t<div class=\"row\">\r\n\r\n\t\t\t<div class=\"col-md-6 col-12 align-self-end\">\r\n\t\t\t\t<div class=\"background-text__text reveal-bottom\">\r\n\t\t\t\t\t<p>Beratungsleistungen der marxconsult:<\/p>\n<ul>\n<li>Organisationsanalyse und Marktumfeld<\/li>\n<li>Beratung zum individuellen, kollektiven und organisationalen Lernen<\/li>\n<li>Beratung zur wissensorientierten Unternehmensf\u00fchrung (F\u00fchrung vs. Management)<\/li>\n<li>Beratung zum Innovationsmanagement<\/li>\n<li>Begleitung von Wissensmanagement und Innovationsprojekten<\/li>\n<\/ul>\n\t\t\t\t<\/div>\r\n\r\n\t\t\t\t\t\t\t\t\t<div class=\"background-text__image__link reveal-bottom\">\r\n\t\t\t\t\t\t<a href=\"http:\/\/www.marxconsult.co\/de\/ueber-felix-marx\/\" target=\"\">\u00dcber Felix Marx<\/a>\r\n\t\t\t\t\t<\/div>\r\n\t\t\t\t\t\t\t<\/div>\r\n\t\t<\/div>\r\n\t<\/div>\r\n<\/div>","protected":false},"excerpt":{"rendered":"","protected":false},"author":2,"featured_media":0,"parent":0,"menu_order":0,"comment_status":"closed","ping_status":"open","template":"","meta":[],"_links":{"self":[{"href":"https:\/\/www.marxconsult.com\/de\/wp-json\/wp\/v2\/pages\/269"}],"collection":[{"href":"https:\/\/www.marxconsult.com\/de\/wp-json\/wp\/v2\/pages"}],"about":[{"href":"https:\/\/www.marxconsult.com\/de\/wp-json\/wp\/v2\/types\/page"}],"author":[{"embeddable":true,"href":"https:\/\/www.marxconsult.com\/de\/wp-json\/wp\/v2\/users\/2"}],"replies":[{"embeddable":true,"href":"https:\/\/www.marxconsult.com\/de\/wp-json\/wp\/v2\/comments?post=269"}],"version-history":[{"count":59,"href":"https:\/\/www.marxconsult.com\/de\/wp-json\/wp\/v2\/pages\/269\/revisions"}],"predecessor-version":[{"id":1232,"href":"https:\/\/www.marxconsult.com\/de\/wp-json\/wp\/v2\/pages\/269\/revisions\/1232"}],"wp:attachment":[{"href":"https:\/\/www.marxconsult.com\/de\/wp-json\/wp\/v2\/media?parent=269"}],"curies":[{"name":"wp","href":"https:\/\/api.w.org\/{rel}","templated":true}]}}