{"id":208,"date":"2020-12-17T07:56:19","date_gmt":"2020-12-17T07:56:19","guid":{"rendered":"https:\/\/www.marxconsult.com\/?page_id=208"},"modified":"2025-04-18T07:30:30","modified_gmt":"2025-04-18T07:30:30","slug":"fuhrungskrafteentwicklung-und-teambuilding","status":"publish","type":"page","link":"https:\/\/www.marxconsult.com\/de\/fuhrungskrafteentwicklung-und-teambuilding\/","title":{"rendered":"F\u00fchrungskr\u00e4fteentwicklung und Teambuilding"},"content":{"rendered":"\n<div class=\"wp-block-cover alignfull has-background-dim\" style=\"background-image:url(https:\/\/www.marxconsult.com\/wp-content\/uploads\/2020\/12\/AdobeStock_340694733.jpg)\"><div class=\"wp-block-cover__inner-container\">\n<p class=\"has-text-align-center has-large-font-size\">F\u00fchrungskr\u00e4fteentwicklung <\/p>\n\n\n\n<p class=\"has-text-align-center has-large-font-size\">und Teambuilding<\/p>\n<\/div><\/div>\n\n\n\n<div class=\"wp-block-columns\">\n<div class=\"wp-block-column\" style=\"flex-basis:100%\">\r\n<div id=\"block_5fb4fe397350f\" class=\"section big-text-block alignfull   background-dark\">\r\n\t<div class=\"container\">\r\n\t\t<div class=\"row\">\r\n\r\n\t\t\t<div class=\"col-12\">\r\n\t\t\t\t<div class=\"big-text__text reveal-bottom\">\r\n\t\t\t\t\t&#8222;Die Fr\u00fcchte deiner Arbeit wachsen auf den B\u00e4umen anderer.\u201c <br \/>\r\nPeter Drucker\t\t\t\t<\/div>\r\n\t\t\t\t\t\t\t<\/div>\r\n\r\n\t\t<\/div>\r\n\t<\/div>\r\n<\/div><\/div>\n<\/div>\n\n\n\r\n<div id=\"block_5fb62d212449b\" class=\"section image-text-about-block \">\r\n\t<div class=\"row align-items-center\">\r\n\r\n\t\t<div class=\"col-sm-6 col-12 reveal-bottom\">\r\n\t\t\t<div class=\"image-text__image\">\r\n\t\t\t\t<img laoding=\"lazy\" src=\"https:\/\/www.marxconsult.com\/wp-content\/uploads\/2020\/12\/AdobeStock_188302024.jpg\" alt=\"\">\r\n\t\t\t<\/div>\r\n\t\t<\/div>\r\n\r\n\t\t<div class=\"col-sm-6 col-12\">\r\n\t\t\t<div class=\"row\">\r\n\t\t\t\r\n\t\t\t\t<div class=\"col-lg-9 offset-lg-1 col-md-10 offset-md-1 col-12 reveal-bottom\">\r\n\t\t\t\t\t<div class=\"image-text__text\">\r\n\t\t\t\t\t\tDas Kapital eines Unternehmens sind seine Mitarbeiter. Um den stetig steigenden Anforderungen eines dynamischen Marktumfeldes und den sich konstant ver\u00e4ndernden Rahmenbedingungen standzuhalten, m\u00fcssen sich diese jedoch laufend weiterentwickeln.\t\t\t\t\t<\/div>\r\n\t\t\t\t<\/div>\r\n\r\n\t\t\t\t<div class=\"col-lg-10 offset-lg-2 col-md-11 offset-md-1 col-12\">\r\n\t\t\t\t\t<div class=\"image-text__caption reveal-bottom\"><\/div>\r\n\r\n\t\t\t\t\t\t\t\t\t<\/div>\r\n\r\n\t\t\t<\/div>\r\n\t\t<\/div>\r\n\r\n\t<\/div>\r\n<\/div>\n\n\n<div class=\"wp-block-columns\">\n<div class=\"wp-block-column\" style=\"flex-basis:100%\">\n<div class=\"wp-block-group alignfull\"><div class=\"wp-block-group__inner-container\">\r\n<div id=\"block_5fb4fc195bf82\" class=\"section background-text-block alignfull d-flex align-items-end font_color-dark  small-text\" style=\"background-image: url('https:\/\/www.marxconsult.com\/wp-content\/uploads\/2020\/12\/AdobeStock_355271981.jpg'); \">\r\n\t<div class=\"container\">\r\n\t\t<div class=\"row\">\r\n\r\n\t\t\t<div class=\"col-md-6 col-12 align-self-end\">\r\n\t\t\t\t<div class=\"background-text__text reveal-bottom\">\r\n\t\t\t\t\t<p>Es ist die Aufgabe einer F\u00fchrungskraft im t\u00e4glichen Unternehmens- bzw. Organisationskontext durch richtungsweisende und vision\u00e4re Einflussnahme auf Mitarbeiter und Kollegen eine motivierende und inspirierende Ver\u00e4nderung herbeizuf\u00fchren. Diese sollte den Unternehmenszielen und Strategien entsprechen und m\u00f6glichst rasch zielf\u00fchrend wirken unter Ber\u00fccksichtigung stetig ver\u00e4nderter Rahmenbedingungen.<\/p>\n\t\t\t\t<\/div>\r\n\r\n\t\t\t\t\t\t\t<\/div>\r\n\t\t<\/div>\r\n\t<\/div>\r\n<\/div><\/div><\/div>\n<\/div>\n<\/div>\n\n\n\r\n<div id=\"block_5fdb4b25b9dee\" class=\"section grid-images-block alignfull \">\r\n\t<div class=\"container\">\r\n\t\t<div class=\"row\">\r\n\r\n\t\t\t<div class=\"col-6 align-self-center\">\r\n\r\n\t\t\t\t<div class=\"row\">\r\n\t\t\t\t\t<div class=\"col-lg-9 col-md-10 col-12 reveal-bottom\">\r\n\r\n\t\t\t\t\t\t\r\n\t\t\t\t\t\t<div class=\"grid-images__text\">\r\n\t\t\t\t\t\t\tDurch ihr vision\u00e4res Verhalten pr\u00e4gt eine professionelle F\u00fchrungskraft die Kultur eines Unternehmens. Sie motiviert, schenkt Vertrauen und stellt ein solides Fundament f\u00fcr ihre Mitarbeiter zur Verf\u00fcgung, welches deren weitere Entwicklung und folglich die des Unternehmens fordert und f\u00f6rdert.\t\t\t\t\t\t<\/div>\r\n\t\t\t\t\t<\/div>\r\n\t\t\t\t<\/div>\r\n\r\n\r\n\t\t\t\t\t\t\t\t\t<div class=\"grid-text__bigtext reveal-bottom\">\r\n\t\t\t\t\t\t\t\t\t\t\t\t<div class=\"grid-text__caption no-line\">\r\n\t\t\t\t\t\t\t\t\t\t\t\t\t\t\tUnternehmenskultur\t\t\t\t\t\t\t\t\t\t\t\t\t<\/div>\r\n\t\t\t\t\t<\/div>\r\n\t\t\t\t\r\n\t\t\t<\/div>\r\n\r\n\t\t\t<div class=\"col-6 reveal-bottom\">\r\n\t\t\t\t<div class=\"image-text__image\">\r\n\t\t\t\t\t<img laoding=\"lazy\" src=\"https:\/\/www.marxconsult.com\/wp-content\/uploads\/2020\/12\/AdobeStock_228127796.jpg\" alt=\"Aerial view of sledding with husky dogs in Lapland Finland.\">\r\n\t\t\t\t<\/div>\r\n\t\t\t<\/div>\r\n\r\n\t\t<\/div>\r\n\t<\/div>\r\n\r\n\r\n\t\r\n\t\r\n<\/div>\n\n\n<div class=\"wp-block-group\"><div class=\"wp-block-group__inner-container\">\n<div class=\"wp-block-columns\">\n<div class=\"wp-block-column\" style=\"flex-basis:100%\">\r\n<div id=\"block_5fb4e0b8000b1\" class=\"section image-text-block \">\r\n\t<div class=\"row\">\r\n\r\n\t\t<div class=\"col-6 reveal-bottom\">\r\n\t\t\t<div class=\"image-text__image\">\r\n\t\t\t\t<img laoding=\"lazy\" src=\"https:\/\/www.marxconsult.com\/wp-content\/uploads\/2025\/04\/Businessportrait_Marx\u00a9MichaelaLorber-6.jpg\" alt=\"Unsere Beratungsleistungen umfassen:\">\r\n\t\t\t<\/div>\r\n\t\t<\/div>\r\n\r\n\t\t\t\t\t<div class=\"col-md-5 offset-md-1 col-12 align-self-center mobile_text_full_width\">\r\n\t\t\r\n\t\t\t\t\t\t\t\t\t\t\t\t<div class=\"image-text__image__caption reveal-bottom\">Unsere Beratungsleistungen umfassen:<\/div>\r\n\t\t\t\t\t\t\t\t<br>\r\n\t\t\t\t<br>\r\n\t\t\t\t<div class=\"image-text__text reveal-bottom\">\r\n\t\t\t\t\t<ul>\n<li>F\u00fchrungskr\u00e4fte Workshops f\u00fcr Young &amp; High Potentials<\/li>\n<li>F\u00fchrungskr\u00e4fte Workshops der 1-ten und 2-ten F\u00fchrungsebene<\/li>\n<li>Organisationsentwicklung<\/li>\n<li>Teamentwicklung &amp; Teambuilding<\/li>\n<li>Coaching &amp; Mentoring von F\u00fchrungskr\u00e4ften und Schl\u00fcssel-Mitarbeitern<\/li>\n<li>Beratung und Analyse zur Unternehmenskultur<\/li>\n<\/ul>\n\t\t\t\t<\/div>\r\n\t\t\t\t\t<\/div>\r\n\t<\/div>\r\n<\/div><\/div>\n<\/div>\n<\/div><\/div>\n\n\n\n<div class=\"wp-block-group alignfull\"><div class=\"wp-block-group__inner-container\">\r\n<div id=\"block_5fb4fabaeab66\" class=\"section big-text-block alignfull   background-dark\">\r\n\t<div class=\"container\">\r\n\t\t<div class=\"row\">\r\n\r\n\t\t\t<div class=\"col-12\">\r\n\t\t\t\t<div class=\"big-text__text reveal-bottom\">\r\n\t\t\t\t\tUnsere Vision ist Ihr Gewinn. Die Antwort auf Ihre Fragen, nur einen Mausklick entfernt.\t\t\t\t<\/div>\r\n\t\t\t\t\t\t\t\t\t<div class=\"big-text__link reveal-bottom\">\r\n\t\t\t\t\t\t<a href=\"mailto:felix.marx@marxconsult.com\" target=\"mailto:felix.marx@marxconsult.com\">Send Mail<\/a>\r\n\t\t\t\t\t<\/div>\r\n\t\t\t\t\t\t\t<\/div>\r\n\r\n\t\t<\/div>\r\n\t<\/div>\r\n<\/div><\/div><\/div>\n","protected":false},"excerpt":{"rendered":"","protected":false},"author":2,"featured_media":0,"parent":0,"menu_order":0,"comment_status":"closed","ping_status":"open","template":"","meta":[],"_links":{"self":[{"href":"https:\/\/www.marxconsult.com\/de\/wp-json\/wp\/v2\/pages\/208"}],"collection":[{"href":"https:\/\/www.marxconsult.com\/de\/wp-json\/wp\/v2\/pages"}],"about":[{"href":"https:\/\/www.marxconsult.com\/de\/wp-json\/wp\/v2\/types\/page"}],"author":[{"embeddable":true,"href":"https:\/\/www.marxconsult.com\/de\/wp-json\/wp\/v2\/users\/2"}],"replies":[{"embeddable":true,"href":"https:\/\/www.marxconsult.com\/de\/wp-json\/wp\/v2\/comments?post=208"}],"version-history":[{"count":76,"href":"https:\/\/www.marxconsult.com\/de\/wp-json\/wp\/v2\/pages\/208\/revisions"}],"predecessor-version":[{"id":1275,"href":"https:\/\/www.marxconsult.com\/de\/wp-json\/wp\/v2\/pages\/208\/revisions\/1275"}],"wp:attachment":[{"href":"https:\/\/www.marxconsult.com\/de\/wp-json\/wp\/v2\/media?parent=208"}],"curies":[{"name":"wp","href":"https:\/\/api.w.org\/{rel}","templated":true}]}}