{"id":1135,"date":"2025-02-04T06:46:47","date_gmt":"2025-02-04T06:46:47","guid":{"rendered":"https:\/\/www.marxconsult.com\/?page_id=1135"},"modified":"2025-02-04T06:46:47","modified_gmt":"2025-02-04T06:46:47","slug":"agb","status":"publish","type":"page","link":"https:\/\/www.marxconsult.com\/de\/agb\/","title":{"rendered":"AGB"},"content":{"rendered":"\n<figure class=\"wp-block-image alignfull size-large\"><a href=\"https:\/\/www.marxconsult.com\/wp-content\/uploads\/2020\/12\/AdobeStock_229685041-2.jpg\" rel=\"lightbox\" ><img loading=\"lazy\" width=\"1024\" height=\"683\" src=\"https:\/\/www.marxconsult.com\/wp-content\/uploads\/2020\/12\/AdobeStock_229685041-2-1024x683.jpg\" alt=\"\" class=\"wp-image-445\" srcset=\"https:\/\/www.marxconsult.com\/wp-content\/uploads\/2020\/12\/AdobeStock_229685041-2-1024x683.jpg 1024w, https:\/\/www.marxconsult.com\/wp-content\/uploads\/2020\/12\/AdobeStock_229685041-2-300x200.jpg 300w, https:\/\/www.marxconsult.com\/wp-content\/uploads\/2020\/12\/AdobeStock_229685041-2-768x512.jpg 768w, https:\/\/www.marxconsult.com\/wp-content\/uploads\/2020\/12\/AdobeStock_229685041-2-1536x1024.jpg 1536w, https:\/\/www.marxconsult.com\/wp-content\/uploads\/2020\/12\/AdobeStock_229685041-2.jpg 2048w\" sizes=\"(max-width: 1024px) 100vw, 1024px\" \/><\/a><\/figure>\n\n\n\n<h2><strong>Allgemeine Gesch\u00e4ftsbedingungen<\/strong><\/h2>\n\n\n\n<h3>Meine Gesch\u00e4ftsbedingungen (AGB) der [Ihr Unternehmensname] f\u00fcr Unternehmensberatungen<\/h3>\n\n\n\n<p>1. Geltungsbereich<\/p>\n\n\n\n<p>1.1 Diese AGB gelten f\u00fcr alle Vertr\u00e4ge, Angebote, Dienstleistungen und Lieferungen zwischen [Ihr Unternehmensname] (im Folgenden: \u201eBerater\u201c) und dem Kunden, soweit nichts anderes schriftlich vereinbart wurde.<br>1.2 Abweichende Bedingungen des Kunden werden nur anerkannt, wenn sie ausdr\u00fccklich schriftlich best\u00e4tigt wurden.<\/p>\n\n\n\n<p>2. Leistungsumfang<\/p>\n\n\n\n<p>2.1 Der Berater erbringt die vereinbarten Dienstleistungen nach bestem Wissen und Gewissen auf Grundlage der mit dem Kunden abgestimmten Vorgaben.<br>2.2 Ein konkreter Erfolg ist nicht geschuldet, es sei denn, dies wurde ausdr\u00fccklich schriftlich vereinbart.<\/p>\n\n\n\n<p>3. Verg\u00fctung und Zahlungsbedingungen<\/p>\n\n\n\n<p>3.1 Die Verg\u00fctung erfolgt gem\u00e4\u00df dem im Vertrag vereinbarten Honorar. Sofern nichts anderes geregelt ist, versteht sich die Verg\u00fctung zuz\u00fcglich der gesetzlichen Mehrwertsteuer.<br>3.2 Rechnungen sind innerhalb von [z. B. 14] Tagen ab Rechnungsdatum ohne Abzug zu zahlen.<\/p>\n\n\n\n<p>4. Mitwirkungspflichten des Kunden<\/p>\n\n\n\n<p>4.1 Der Kunde verpflichtet sich, dem Berater alle zur Durchf\u00fchrung der Leistung erforderlichen Informationen und Unterlagen rechtzeitig zur Verf\u00fcgung zu stellen.<br>4.2 Verz\u00f6gerungen aufgrund fehlender Mitwirkung durch den Kunden gehen nicht zulasten des Beraters.<\/p>\n\n\n\n<p>5. Haftung<\/p>\n\n\n\n<p>5.1 Der Berater haftet f\u00fcr Sch\u00e4den nur bei Vorsatz und grober Fahrl\u00e4ssigkeit. Eine Haftung f\u00fcr entgangenen Gewinn oder Folgesch\u00e4den ist ausgeschlossen, soweit gesetzlich zul\u00e4ssig.<br>5.2 Die Haftungsh\u00f6he ist auf die H\u00f6he des Honorars des jeweiligen Vertrags begrenzt.<\/p>\n\n\n\n<p>6. Vertraulichkeit<\/p>\n\n\n\n<p>6.1 Der Berater verpflichtet sich, alle im Rahmen der Zusammenarbeit erlangten Informationen des Kunden vertraulich zu behandeln.<br>6.2 Diese Verpflichtung bleibt auch nach Beendigung des Vertragsverh\u00e4ltnisses bestehen.<\/p>\n\n\n\n<p>7. K\u00fcndigung und Stornierung<\/p>\n\n\n\n<p>7.1 Beide Parteien k\u00f6nnen den Vertrag aus wichtigem Grund schriftlich k\u00fcndigen.<br>7.2 Im Falle einer vorzeitigen K\u00fcndigung durch den Kunden beh\u00e4lt der Berater Anspruch auf Verg\u00fctung der bis dahin erbrachten Leistungen.<\/p>\n\n\n\n<p>8. Rechtswahl und Gerichtsstand<\/p>\n\n\n\n<p>8.1 Es gilt ausschlie\u00dflich \u00f6sterreichisches Recht unter Ausschluss der Kollisionsnormen.<br>8.2 Gerichtsstand f\u00fcr alle Streitigkeiten ist [Ihr Unternehmenssitz], sofern nicht zwingende gesetzliche Vorschriften entgegenstehen.<\/p>\n\n\n\n<p>9. Salvatorische Klausel<\/p>\n\n\n\n<p>Sollten einzelne Bestimmungen dieser AGB unwirksam sein oder werden, bleibt die Wirksamkeit der \u00fcbrigen Bestimmungen unber\u00fchrt.<\/p>\n","protected":false},"excerpt":{"rendered":"<p>Allgemeine Gesch\u00e4ftsbedingungen Meine Gesch\u00e4ftsbedingungen (AGB) der [Ihr Unternehmensname] f\u00fcr Unternehmensberatungen 1. Geltungsbereich 1.1 Diese AGB gelten f\u00fcr alle Vertr\u00e4ge, Angebote, Dienstleistungen und Lieferungen zwischen [Ihr Unternehmensname] (im Folgenden: \u201eBerater\u201c) und dem Kunden, soweit nichts anderes schriftlich vereinbart wurde.1.2 Abweichende Bedingungen des Kunden werden nur anerkannt, wenn sie ausdr\u00fccklich schriftlich best\u00e4tigt wurden. 2. Leistungsumfang 2.1 Der&#8230;<\/p>\n","protected":false},"author":3,"featured_media":0,"parent":0,"menu_order":0,"comment_status":"closed","ping_status":"closed","template":"","meta":[],"_links":{"self":[{"href":"https:\/\/www.marxconsult.com\/de\/wp-json\/wp\/v2\/pages\/1135"}],"collection":[{"href":"https:\/\/www.marxconsult.com\/de\/wp-json\/wp\/v2\/pages"}],"about":[{"href":"https:\/\/www.marxconsult.com\/de\/wp-json\/wp\/v2\/types\/page"}],"author":[{"embeddable":true,"href":"https:\/\/www.marxconsult.com\/de\/wp-json\/wp\/v2\/users\/3"}],"replies":[{"embeddable":true,"href":"https:\/\/www.marxconsult.com\/de\/wp-json\/wp\/v2\/comments?post=1135"}],"version-history":[{"count":1,"href":"https:\/\/www.marxconsult.com\/de\/wp-json\/wp\/v2\/pages\/1135\/revisions"}],"predecessor-version":[{"id":1136,"href":"https:\/\/www.marxconsult.com\/de\/wp-json\/wp\/v2\/pages\/1135\/revisions\/1136"}],"wp:attachment":[{"href":"https:\/\/www.marxconsult.com\/de\/wp-json\/wp\/v2\/media?parent=1135"}],"curies":[{"name":"wp","href":"https:\/\/api.w.org\/{rel}","templated":true}]}}