{"id":112,"date":"2020-11-19T08:50:45","date_gmt":"2020-11-19T08:50:45","guid":{"rendered":"http:\/\/marxconsult.loc:81\/?page_id=112"},"modified":"2025-04-18T07:29:54","modified_gmt":"2025-04-18T07:29:54","slug":"business-development","status":"publish","type":"page","link":"https:\/\/www.marxconsult.com\/de\/business-development\/","title":{"rendered":"Business Development (BD) und Mergers &#038; Acquisitions (M&#038;A)"},"content":{"rendered":"\n<div class=\"wp-block-cover alignfull has-background-dim\" style=\"background-image:url(https:\/\/www.marxconsult.com\/wp-content\/uploads\/2020\/12\/AdobeStock_221014788.jpg)\"><div class=\"wp-block-cover__inner-container\">\n<p class=\"has-text-align-center has-large-font-size\">Business Development (BD) und <\/p>\n\n\n\n<p class=\"has-text-align-center has-large-font-size\">Mergers &amp; Acquisitions (M&amp;A)<\/p>\n<\/div><\/div>\n\n\n\r\n<div id=\"block_5fb4fe397350f\" class=\"section big-text-block alignfull   background-white\">\r\n\t<div class=\"container\">\r\n\t\t<div class=\"row\">\r\n\r\n\t\t\t<div class=\"col-12\">\r\n\t\t\t\t<div class=\"big-text__text reveal-bottom\">\r\n\t\t\t\t\t\u201cBelieve you can, and you are halfway there.\u201d <br \/>\r\nTheodore Roosevelt\t\t\t\t<\/div>\r\n\t\t\t\t\t\t\t<\/div>\r\n\r\n\t\t<\/div>\r\n\t<\/div>\r\n<\/div>\n\n\r\n<div id=\"block_5fb62d212449b\" class=\"section image-text-about-block \">\r\n\t<div class=\"row align-items-center\">\r\n\r\n\t\t<div class=\"col-sm-6 col-12 reveal-bottom\">\r\n\t\t\t<div class=\"image-text__image\">\r\n\t\t\t\t<img laoding=\"lazy\" src=\"https:\/\/www.marxconsult.com\/wp-content\/uploads\/2025\/04\/Businessportrait_Marx\u00a9MichaelaLorber-3.jpg\" alt=\"\">\r\n\t\t\t<\/div>\r\n\t\t<\/div>\r\n\r\n\t\t<div class=\"col-sm-6 col-12\">\r\n\t\t\t<div class=\"row\">\r\n\t\t\t\r\n\t\t\t\t<div class=\"col-lg-9 offset-lg-1 col-md-10 offset-md-1 col-12 reveal-bottom\">\r\n\t\t\t\t\t<div class=\"image-text__text\">\r\n\t\t\t\t\t\tWir bieten Ihnen qualifizierte Beratungsleistungen zu den Themen Business Development (BD), Merger und Acquisitions (M&#038;A) sowie zu Integration von aquirierten Unternehmen oder Unternehmensteilen. Ebenso Beraten bzw. Begleiten wir den Verkauf (Divestment) von Unternehmen bzw. Unternehmensteilen.\t\t\t\t\t<\/div>\r\n\t\t\t\t<\/div>\r\n\r\n\t\t\t\t<div class=\"col-lg-10 offset-lg-2 col-md-11 offset-md-1 col-12\">\r\n\t\t\t\t\t<div class=\"image-text__caption reveal-bottom\"><\/div>\r\n\r\n\t\t\t\t\t\t\t\t\t<\/div>\r\n\r\n\t\t\t<\/div>\r\n\t\t<\/div>\r\n\r\n\t<\/div>\r\n<\/div>\n\n\r\n<div id=\"block_5fb50e35b5b99\" class=\"section grid-images-block alignfull \">\r\n\t<div class=\"container\">\r\n\t\t<div class=\"row\">\r\n\r\n\t\t\t<div class=\"col-6 align-self-center\">\r\n\r\n\t\t\t\t<div class=\"row\">\r\n\t\t\t\t\t<div class=\"col-lg-9 col-md-10 col-12 reveal-bottom\">\r\n\r\n\t\t\t\t\t\t\r\n\t\t\t\t\t\t<div class=\"grid-images__text\">\r\n\t\t\t\t\t\t\tUnser Consulting findet pers\u00f6nlich und\/oder durch ein extensives Netzwerk von Experten (Domain Experts and Subject Matter Experts) aus Europa, den USA und APAC statt.<br \/>\r\n<br \/>\r\nEbenfalls besitzen wir detaillierte Einsicht in die unterschiedlichsten M\u00e4rkte weltweit  &#8211; sowohl \u00f6konomisch als auch kulturell  &#8211; aufgrund jahrelanger pers\u00f6nlicher Pr\u00e4senz in den USA, China, Japan, Australien, Singapur, Indonesien sowie in diversen L\u00e4ndern Europas.<br \/>\r\n<br \/>\r\n<br \/>\r\n\t\t\t\t\t\t<\/div>\r\n\t\t\t\t\t<\/div>\r\n\t\t\t\t<\/div>\r\n\r\n\r\n\t\t\t\t\t\t\t\t\t<div class=\"grid-text__bigtext reveal-bottom\">\r\n\t\t\t\t\t\t\t\t\t\t\t\t<div class=\"grid-text__caption \">\r\n\t\t\t\t\t\t\t\t\t\t\t\t\t\t\t\t\t\t\t\t\t\t\t\t\t\t\t\t<\/div>\r\n\t\t\t\t\t<\/div>\r\n\t\t\t\t\r\n\t\t\t<\/div>\r\n\r\n\t\t\t<div class=\"col-6 reveal-bottom\">\r\n\t\t\t\t<div class=\"image-text__image\">\r\n\t\t\t\t\t<img laoding=\"lazy\" src=\"https:\/\/www.marxconsult.com\/wp-content\/uploads\/2020\/11\/marxconsult_website.jpg\" alt=\"marxconsult_website\">\r\n\t\t\t\t<\/div>\r\n\t\t\t<\/div>\r\n\r\n\t\t<\/div>\r\n\t<\/div>\r\n\r\n\r\n\t\t\t<div class=\"background-text__image-2\">\r\n\t\t\t<div class=\"container\">\r\n\t\t\t\t<div class=\"row\">\r\n\t\t\t\t\t<div class=\"col-lg-4 offset-lg-3 p-lg-0 col-6 reveal-bottom\">\r\n\t\t\t\t\t\t<img laoding=\"lazy\" src=\"https:\/\/www.marxconsult.com\/wp-content\/uploads\/2020\/12\/pexels-mohamed-abdelsadig-4117870-scaled.jpg\" alt=\"pexels-mohamed-abdelsadig-4117870\">\r\n\t\t\t\t\t<\/div>\r\n\t\t\t\t<\/div>\r\n\t\t\t<\/div>\r\n\t\t<\/div>\r\n\t\r\n\t\t\t<div class=\"background-text__image-3\">\r\n\t\t\t<div class=\"container\">\r\n\t\t\t\t<div class=\"row justify-content-end\">\r\n\t\t\t\t\t<div class=\"col-lg-4 col-6 reveal-bottom\">\r\n\t\t\t\t\t\t<img laoding=\"lazy\" src=\"https:\/\/www.marxconsult.com\/wp-content\/uploads\/2020\/12\/AdobeStock_307496772-scaled-e1608548179416.jpeg\" alt=\"\u0410erial view of snow covered forest around beautiful lake. Rime ice and hoar frost covering trees. Scenic winter landscape near Helsinki, Finland.\">\r\n\t\t\t\t\t<\/div>\r\n\t\t\t\t<\/div>\r\n\t\t\t<\/div>\r\n\t\t<\/div>\r\n\t\r\n<\/div>\n\n\n<div class=\"wp-block-group alignfull\"><div class=\"wp-block-group__inner-container\">\r\n<div id=\"block_5fb4f46fa6631\" class=\"section background-text-block alignfull d-flex align-items-end font_color-white  big-text\" style=\"background-image: url('https:\/\/www.marxconsult.com\/wp-content\/uploads\/2020\/12\/AdobeStock_298585211.jpeg'); \">\r\n\t<div class=\"container\">\r\n\t\t<div class=\"row\">\r\n\r\n\t\t\t<div class=\"col-md-6 col-12 align-self-end\">\r\n\t\t\t\t<div class=\"background-text__text reveal-bottom\">\r\n\t\t\t\t\t<p>&#8222;You miss 100% of the shots you don&#8217;t take.&#8220;<br \/>\n-Wayne Gretzky<\/p>\n\t\t\t\t<\/div>\r\n\r\n\t\t\t\t\t\t\t\t\t<div class=\"background-text__image__link reveal-bottom\">\r\n\t\t\t\t\t\t<a href=\"http:\/\/www.marxconsult.co\/de\/fuhrungskrafteentwicklung-und-teambuilding\/\" target=\"\">F\u00fchrungskr\u00e4fte und Teambuilding<\/a>\r\n\t\t\t\t\t<\/div>\r\n\t\t\t\t\t\t\t<\/div>\r\n\t\t<\/div>\r\n\t<\/div>\r\n<\/div><\/div><\/div>\n\n\n\r\n<div id=\"block_5fb4e0b8000b1\" class=\"section image-text-block \">\r\n\t<div class=\"row\">\r\n\r\n\t\t<div class=\"col-6 reveal-bottom\">\r\n\t\t\t<div class=\"image-text__image\">\r\n\t\t\t\t<img laoding=\"lazy\" src=\"https:\/\/www.marxconsult.com\/wp-content\/uploads\/2020\/12\/AdobeStock_386530974.jpg\" alt=\"Unsere Beratungsleistungen umfassen:\">\r\n\t\t\t<\/div>\r\n\t\t<\/div>\r\n\r\n\t\t\t\t\t<div class=\"col-md-5 offset-md-1 col-12 align-self-center mobile_text_full_width\">\r\n\t\t\r\n\t\t\t\t\t\t\t\t\t\t\t\t<div class=\"image-text__image__caption reveal-bottom\">Unsere Beratungsleistungen umfassen:<\/div>\r\n\t\t\t\t\t\t\t\t<br>\r\n\t\t\t\t<br>\r\n\t\t\t\t<div class=\"image-text__text reveal-bottom\">\r\n\t\t\t\t\t<ul>\n<li><strong>Technologie, Fintech, Kundenbindungsprogramme (Loyalty), Analytics unter der Ber\u00fccksichtigung von nationalen und internationalen Datenschutz Gesetzen, wie z.B. die DSVGO (GDPR)<\/strong><\/li>\n<li><strong>Produkteinf\u00fchrung in (neuen) M\u00e4rkten<\/strong><\/li>\n<li><strong>Geographische Expansion von Produkten und Unternehmen<\/strong><\/li>\n<li><strong>Aufsetzen von Tochtergesellschaften<\/strong><\/li>\n<li><strong>Beratung zu strategischen Partnerschaften und Anbahnung derselben<\/strong><\/li>\n<li><strong>M&amp;A Begleitung bzw. Umsetzung<\/strong><\/li>\n<li><strong>Integration von aquirierten Unternehmen oder Unternehmensteilen bzw. Deren Begleitung<\/strong><\/li>\n<li><strong>Management auf Zeit<\/strong><\/li>\n<\/ul>\n\t\t\t\t<\/div>\r\n\t\t\t\t\t<\/div>\r\n\t<\/div>\r\n<\/div>\n\n\r\n<div id=\"block_5fb4fabaeab66\" class=\"section big-text-block alignfull   background-dark\">\r\n\t<div class=\"container\">\r\n\t\t<div class=\"row\">\r\n\r\n\t\t\t<div class=\"col-12\">\r\n\t\t\t\t<div class=\"big-text__text reveal-bottom\">\r\n\t\t\t\t\tUnsere Vision ist Ihr Gewinn. Die Antwort auf Ihre Fragen, nur einen Mausklick entfernt.\t\t\t\t<\/div>\r\n\t\t\t\t\t\t\t\t\t<div class=\"big-text__link reveal-bottom\">\r\n\t\t\t\t\t\t<a href=\"mailto:felix.marx@marxconsult.com\" target=\"mailto:felix.marx@marxconsult.com\">Send Mail<\/a>\r\n\t\t\t\t\t<\/div>\r\n\t\t\t\t\t\t\t<\/div>\r\n\r\n\t\t<\/div>\r\n\t<\/div>\r\n<\/div>\n\n\n<p><\/p>\n","protected":false},"excerpt":{"rendered":"","protected":false},"author":1,"featured_media":0,"parent":0,"menu_order":0,"comment_status":"closed","ping_status":"open","template":"","meta":[],"_links":{"self":[{"href":"https:\/\/www.marxconsult.com\/de\/wp-json\/wp\/v2\/pages\/112"}],"collection":[{"href":"https:\/\/www.marxconsult.com\/de\/wp-json\/wp\/v2\/pages"}],"about":[{"href":"https:\/\/www.marxconsult.com\/de\/wp-json\/wp\/v2\/types\/page"}],"author":[{"embeddable":true,"href":"https:\/\/www.marxconsult.com\/de\/wp-json\/wp\/v2\/users\/1"}],"replies":[{"embeddable":true,"href":"https:\/\/www.marxconsult.com\/de\/wp-json\/wp\/v2\/comments?post=112"}],"version-history":[{"count":92,"href":"https:\/\/www.marxconsult.com\/de\/wp-json\/wp\/v2\/pages\/112\/revisions"}],"predecessor-version":[{"id":1273,"href":"https:\/\/www.marxconsult.com\/de\/wp-json\/wp\/v2\/pages\/112\/revisions\/1273"}],"wp:attachment":[{"href":"https:\/\/www.marxconsult.com\/de\/wp-json\/wp\/v2\/media?parent=112"}],"curies":[{"name":"wp","href":"https:\/\/api.w.org\/{rel}","templated":true}]}}